{"id":93,"date":"2015-03-05T14:59:13","date_gmt":"2015-03-05T13:59:13","guid":{"rendered":"http:\/\/www.cg-objekte.de\/wp\/?page_id=93"},"modified":"2015-04-16T16:10:43","modified_gmt":"2015-04-16T14:10:43","slug":"produkte","status":"publish","type":"page","link":"http:\/\/www.cg-objekte.de\/?page_id=93","title":{"rendered":"Produkte"},"content":{"rendered":"<p>Unsere Produkte sind qualitativ hochwertig und werden dadurch auch hohen Anforderungen gerecht.<br \/>\nDabei bilden Alltagstauglichkeit zusammen mit Komfort, ansprechendem Design, einfacher Pflege und Handhabung sowie sehr guter Funktionalit\u00e4t die Grunds\u00e4tze f\u00fcr unser gesamtes reichhaltiges Sortiment. Das \u00fcberzeugende Ergebnis: durchdachtes Design, beste Raumnutzung und unterschiedliche Einsatzm\u00f6glichkeiten wird von unseren Auftraggebern dabei sehr gesch\u00e4tzt.<\/p>\n<p>Professionelle Objekteinrichtung individuell ausgerichtet nach Ihren W\u00fcnschen und Vorgaben zu fairen Preisen!<\/p>\n<hr \/>\n<h5><img decoding=\"async\" class=\" size-full wp-image-121 alignleft\" src=\"http:\/\/www.cg-objekte.de\/wp-content\/uploads\/2015\/03\/pic1.jpg\" alt=\"pic1\" width=\"152\" height=\"111\" srcset=\"http:\/\/www.cg-objekte.de\/wp-content\/uploads\/2015\/03\/pic1.jpg 152w, http:\/\/www.cg-objekte.de\/wp-content\/uploads\/2015\/03\/pic1-150x111.jpg 150w\" sizes=\"(max-width: 152px) 100vw, 152px\" \/>Qualit\u00e4t<\/h5>\n<p>Damit Stabilit\u00e4t und Haltbarkeit auch bei starker Beanspruchung gew\u00e4hrleistet sind, legen wir Wert auf hohe Pr\u00e4zision bei der Herstellung. Und die Zufriedenheit unserer Kunden gibt uns Recht: perfekter Wohnkomfort, vielf\u00e4ltige Designs und sehr gute Funktionalit\u00e4t sind die Ergebnisse unserer sorgf\u00e4ltigen und gewissenhaften Herstellungsweise.<br \/>\nBei den St\u00fchlen z. B. wird das Gestell jeweils:<\/p>\n<p>&#8211; aus massivem Buchenholz hergestellt<br \/>\n&#8211; verschraubt<br \/>\n&#8211; doppelt verd\u00fcbelt<br \/>\n&#8211; verleimt<br \/>\n&#8211; mit Knaggen an den Ecken verst\u00e4rkt<\/p>\n<p>Unser Ziel ist es, mit bew\u00e4hrter Qualit\u00e4t und fachlicher Kompetenz zu \u00fcberzeugen und Sie als zufriedenen Kunden zu gewinnen!<\/p>\n<hr \/>\n<h5><img decoding=\"async\" class=\" size-full wp-image-122 alignleft\" src=\"http:\/\/www.cg-objekte.de\/wp-content\/uploads\/2015\/03\/holz.jpg\" alt=\"holz\" width=\"152\" height=\"111\" srcset=\"http:\/\/www.cg-objekte.de\/wp-content\/uploads\/2015\/03\/holz.jpg 152w, http:\/\/www.cg-objekte.de\/wp-content\/uploads\/2015\/03\/holz-150x111.jpg 150w\" sizes=\"(max-width: 152px) 100vw, 152px\" \/>Holz<\/h5>\n<p>Sie k\u00f6nnen zwischen folgenden Holzarten w\u00e4hlen:<br \/>\n<strong>Schichtholz<\/strong>:<br \/>\nBeim Schichtholz ist der Faserverlauf der einzelnen Lagen gleich gerichtet. Dies hat den Vorteil, dass die Biege- und Druckfestigkeit von Vollholz erhalten bleibt. Durch die sehr gute M\u00f6glichkeit der Weiterverarbeitung ist die Herstellung von attraktiven Designs m\u00f6glich.<\/p>\n<p><strong>Massivholz<\/strong>:<br \/>\nMassivholzm\u00f6bel sind komplett &#8211; au\u00dfer z. B. Pflegeschr\u00e4nke &#8211; aus massivem Holz hergestellt. Beim Massivholz werden Lamellen gleichen Querschnitts, gleicher L\u00e4nge und gleicher Holzart fest miteinander verbunden. Dadurch entsteht eine Qualit\u00e4t, bei der die Dekorm\u00f6glichkeiten eingeschr\u00e4nkt sind, da es sich nicht verbiegen l\u00e4sst. Massivholz hat jedoch den gro\u00dfen Vorteil, dass es besonders robust ist und daher auch bei sehr starker Beanspruchung lange sch\u00f6n bleibt.<\/p>\n<hr \/>\n<h5><img decoding=\"async\" class=\" size-full wp-image-123 alignleft\" src=\"http:\/\/www.cg-objekte.de\/wp-content\/uploads\/2015\/03\/kanten.jpg\" alt=\"kanten\" width=\"152\" height=\"111\" srcset=\"http:\/\/www.cg-objekte.de\/wp-content\/uploads\/2015\/03\/kanten.jpg 152w, http:\/\/www.cg-objekte.de\/wp-content\/uploads\/2015\/03\/kanten-150x111.jpg 150w\" sizes=\"(max-width: 152px) 100vw, 152px\" \/>Kanten<\/h5>\n<p>F\u00fcr unser attraktives M\u00f6belprogramm verwenden wir ABS-Sicherheitskanten.<br \/>\nDiese werden aus einem erstklassigen thermoplastischen Kunststoff hergestellt, der \u00fcber eine leichte Verformbarkeit verf\u00fcgt.<br \/>\nABS-Kanten zeichnen sich besonders dadurch aus, dass sie schlag- sowie abriebsfest sind. Durch die daraus entstehende sehr hohe Belastbarkeit bieten sie in der Anwendung einen optimalen Schutz.<br \/>\nSie k\u00f6nnen unter verschiedenen Kantenausf\u00fchrungen w\u00e4hlen:<\/p>\n<p>&#8211; Spanplatte melaminharzbeschichtet mit 19, 25, 28 und 38 mm und einer ABS-Kante von 2 mm.<br \/>\n&#8211; Spanplatte 19 mm, beidseitig HPL-beschichtet (HPL: High Pressure Laminate = Hochdrucklaminat nach EN 438), MHK 8 mm, Fase oben und unten.<\/p>\n<hr \/>\n<p>[insert_php]<br \/>\n\/\/include (&#8222;..\/&#8220;.substr(plugins_url(),25).&#8220;\/arpix-catalog\/cms\/includes\/function.inc.php&#8220;);<br \/>\n\/\/include(&#8222;..\/&#8220;.substr(plugins_url(),25).&#8220;\/arpix-catalog\/cms\/includes\/inc.suche.php&#8220;);<br \/>\n\/\/prodAbfrage (&#8222;stuehle&#8220;, &#8222;all&#8220;, &#8222;&#8220;, &#8222;&#8220;, &#8222;&#8220;);<br \/>\n[\/insert_php]<\/p>\n","protected":false},"excerpt":{"rendered":"<p>Unsere Produkte sind qualitativ hochwertig und werden dadurch auch hohen Anforderungen gerecht. Dabei bilden Alltagstauglichkeit zusammen mit Komfort, ansprechendem Design, einfacher Pflege und Handhabung sowie sehr guter Funktionalit\u00e4t die Grunds\u00e4tze f\u00fcr unser gesamtes reichhaltiges Sortiment. Das \u00fcberzeugende Ergebnis: durchdachtes Design, beste Raumnutzung und unterschiedliche Einsatzm\u00f6glichkeiten wird von unseren Auftraggebern dabei sehr gesch\u00e4tzt. Professionelle Objekteinrichtung individuell [&hellip;]<\/p>\n","protected":false},"author":1,"featured_media":0,"parent":0,"menu_order":0,"comment_status":"closed","ping_status":"closed","template":"","meta":{"footnotes":""},"class_list":["post-93","page","type-page","status-publish","hentry","entry"],"_links":{"self":[{"href":"http:\/\/www.cg-objekte.de\/index.php?rest_route=\/wp\/v2\/pages\/93"}],"collection":[{"href":"http:\/\/www.cg-objekte.de\/index.php?rest_route=\/wp\/v2\/pages"}],"about":[{"href":"http:\/\/www.cg-objekte.de\/index.php?rest_route=\/wp\/v2\/types\/page"}],"author":[{"embeddable":true,"href":"http:\/\/www.cg-objekte.de\/index.php?rest_route=\/wp\/v2\/users\/1"}],"replies":[{"embeddable":true,"href":"http:\/\/www.cg-objekte.de\/index.php?rest_route=%2Fwp%2Fv2%2Fcomments&post=93"}],"version-history":[{"count":22,"href":"http:\/\/www.cg-objekte.de\/index.php?rest_route=\/wp\/v2\/pages\/93\/revisions"}],"predecessor-version":[{"id":190,"href":"http:\/\/www.cg-objekte.de\/index.php?rest_route=\/wp\/v2\/pages\/93\/revisions\/190"}],"wp:attachment":[{"href":"http:\/\/www.cg-objekte.de\/index.php?rest_route=%2Fwp%2Fv2%2Fmedia&parent=93"}],"curies":[{"name":"wp","href":"https:\/\/api.w.org\/{rel}","templated":true}]}}