{"id":77,"date":"2015-03-04T10:10:02","date_gmt":"2015-03-04T09:10:02","guid":{"rendered":"http:\/\/www.cg-objekte.de\/wp\/?page_id=77"},"modified":"2015-03-04T10:25:51","modified_gmt":"2015-03-04T09:25:51","slug":"dienstleistung","status":"publish","type":"page","link":"http:\/\/www.cg-objekte.de\/?page_id=77","title":{"rendered":"Dienstleistung"},"content":{"rendered":"<table border=\"0\" width=\"100%\" cellspacing=\"0\" cellpadding=\"0\">\n<tbody>\n<tr valign=\"top\">\n<td class=\"txt\" width=\"50%\">\n<h5>Einrichtungsberatung<\/h5>\n<p>Wir planen, produzieren und montieren M\u00f6bel aus dem wunderbar individuellen Material Holz. Dabei unterst\u00fctzen wir Sie kompetent bei der Entwicklung\u00a0von funktionellen Einrichtungskonzepten und beraten Sie bei der Farb- und M\u00f6belauswahl. Sprechen Sie Ihre konkreten W\u00fcnsche an &#8211; wir werden diese\u00a0professionell zu Ihrer Zufriedenheit umsetzen! Profitieren Sie dabei von unserer langj\u00e4hrigen Erfahrung und unserer Liebe zum Detail! Fachwissen\u00a0aus Meisterhand!<\/td>\n<td><\/td>\n<td width=\"50%\">\n<h5>Lieferung<\/h5>\n<p>Sie erhalten Ihre bestellten Einrichtungsobjekte p\u00fcnktlich und zuverl\u00e4ssig zum zuvor vereinbarten Wunschtermin. Selbstverst\u00e4ndlich werden die gelieferten\u00a0M\u00f6bel nach Ihren Angaben von uns aufgestellt.<\/p>\n<p><strong>Und<\/strong>: uns ist KEIN Weg zu weit!<\/td>\n<\/tr>\n<tr>\n<td colspan=\"3\"><\/td>\n<\/tr>\n<tr valign=\"top\">\n<td>\n<h5>Garantie<\/h5>\n<p>Sie erhalten von uns 5 Jahre Garantie auf alle bei uns erworbenen Gestelle und kompletten Zimmereinrichtungen<\/td>\n<td><\/td>\n<td><\/td>\n<\/tr>\n<\/tbody>\n<\/table>\n","protected":false},"excerpt":{"rendered":"<p>Einrichtungsberatung Wir planen, produzieren und montieren M\u00f6bel aus dem wunderbar individuellen Material Holz. Dabei unterst\u00fctzen wir Sie kompetent bei der Entwicklung\u00a0von funktionellen Einrichtungskonzepten und beraten Sie bei der Farb- und M\u00f6belauswahl. Sprechen Sie Ihre konkreten W\u00fcnsche an &#8211; wir werden diese\u00a0professionell zu Ihrer Zufriedenheit umsetzen! Profitieren Sie dabei von unserer langj\u00e4hrigen Erfahrung und unserer Liebe [&hellip;]<\/p>\n","protected":false},"author":1,"featured_media":0,"parent":0,"menu_order":2,"comment_status":"closed","ping_status":"closed","template":"","meta":{"footnotes":""},"class_list":["post-77","page","type-page","status-publish","hentry","entry"],"_links":{"self":[{"href":"http:\/\/www.cg-objekte.de\/index.php?rest_route=\/wp\/v2\/pages\/77"}],"collection":[{"href":"http:\/\/www.cg-objekte.de\/index.php?rest_route=\/wp\/v2\/pages"}],"about":[{"href":"http:\/\/www.cg-objekte.de\/index.php?rest_route=\/wp\/v2\/types\/page"}],"author":[{"embeddable":true,"href":"http:\/\/www.cg-objekte.de\/index.php?rest_route=\/wp\/v2\/users\/1"}],"replies":[{"embeddable":true,"href":"http:\/\/www.cg-objekte.de\/index.php?rest_route=%2Fwp%2Fv2%2Fcomments&post=77"}],"version-history":[{"count":8,"href":"http:\/\/www.cg-objekte.de\/index.php?rest_route=\/wp\/v2\/pages\/77\/revisions"}],"predecessor-version":[{"id":86,"href":"http:\/\/www.cg-objekte.de\/index.php?rest_route=\/wp\/v2\/pages\/77\/revisions\/86"}],"wp:attachment":[{"href":"http:\/\/www.cg-objekte.de\/index.php?rest_route=%2Fwp%2Fv2%2Fmedia&parent=77"}],"curies":[{"name":"wp","href":"https:\/\/api.w.org\/{rel}","templated":true}]}}