{"id":63,"date":"2015-03-04T09:47:00","date_gmt":"2015-03-04T08:47:00","guid":{"rendered":"http:\/\/www.cg-objekte.de\/wp\/?page_id=63"},"modified":"2015-04-16T16:09:06","modified_gmt":"2015-04-16T14:09:06","slug":"firma","status":"publish","type":"page","link":"http:\/\/www.cg-objekte.de\/?page_id=63","title":{"rendered":"Firma"},"content":{"rendered":"<table border=\"0\" width=\"100%\" cellspacing=\"0\" cellpadding=\"0\">\n<tbody>\n<tr>\n<td width=\"50\">\n<h1>\u00dcber uns<\/h1>\n<\/td>\n<\/tr>\n<tr>\n<td class=\"txt\">\n<hr \/>\n<\/td>\n<\/tr>\n<tr>\n<td><img decoding=\"async\" class=\"size-full wp-image-66 alignleft\" src=\"http:\/\/www.cg-objekte.de\/wp-content\/uploads\/2015\/03\/bild1.jpg\" alt=\"bild1\" width=\"152\" height=\"111\" srcset=\"http:\/\/www.cg-objekte.de\/wp-content\/uploads\/2015\/03\/bild1.jpg 152w, http:\/\/www.cg-objekte.de\/wp-content\/uploads\/2015\/03\/bild1-150x111.jpg 150w\" sizes=\"(max-width: 152px) 100vw, 152px\" \/>Einen Teil der von uns angebotenen Stuhlmodelle fertigen wir selbst in unserer modern ausgestatteten betriebseigenen Produktionsst\u00e4tte. F\u00fcr unser hoch motiviertes Team sind Sonderanfertigungen kein Problem und jederzeit willkommen. Flexibel und kreativ setzen wir Ihre W\u00fcnsche nach modernsten ergonomischen und funktionellen Gesichtspunkten in die Praxis um.So werden aus Ihren guten Ideen durch handwerkliche Professionalit\u00e4t hochwertige M\u00f6belst\u00fccke &#8211; und dies zu attraktiven Preisen!<\/td>\n<\/tr>\n<tr>\n<td><\/td>\n<\/tr>\n<tr valign=\"top\">\n<td><img decoding=\"async\" class=\" size-full wp-image-67 alignleft\" src=\"http:\/\/www.cg-objekte.de\/wp-content\/uploads\/2015\/03\/bild2.jpg\" alt=\"bild2\" width=\"152\" height=\"111\" srcset=\"http:\/\/www.cg-objekte.de\/wp-content\/uploads\/2015\/03\/bild2.jpg 152w, http:\/\/www.cg-objekte.de\/wp-content\/uploads\/2015\/03\/bild2-150x111.jpg 150w\" sizes=\"(max-width: 152px) 100vw, 152px\" \/>Auch die Polsterung erfolgt durch unsere erfahrenen Fachkr\u00e4fte in den eigenen R\u00e4umen.Wir bieten Ihnen beste Qualit\u00e4t, kompetente Beratung sowie einen umfassenden Service zu fairen Preisen!<br \/>\nUnsere Kunden sch\u00e4tzen unser Fachwissen, unsere zuverl\u00e4ssigen Liefertermine sowie unsere breite Produktpalette!<br \/>\nSie erhalten bei uns Ihren kompletten Einrichtungsbedarf &#8211; ohne lange Umwege &#8211; alles aus einer Hand! Als Experten in Sachen Objekteinrichtung sichern wir Ihnen unsere Kompetenz auch im Falle von Sonderanfertigungen zu.<\/td>\n<\/tr>\n<tr>\n<td><\/td>\n<\/tr>\n<tr valign=\"top\">\n<td class=\"txt\"><strong>Zu unseren Kunden geh\u00f6ren:<\/strong><br \/>\n&#8211; Hotels<br \/>\n&#8211; Gastronomiebetriebe<br \/>\n&#8211; Altenheime<br \/>\n&#8211; allgemeine Einrichtungen<br \/>\n&#8211; Privatkunden<\/td>\n<\/tr>\n<tr valign=\"top\">\n<td><\/td>\n<\/tr>\n<tr valign=\"top\">\n<td><img decoding=\"async\" class=\"alignnone size-full wp-image-71\" src=\"http:\/\/www.cg-objekte.de\/wp-content\/uploads\/2015\/03\/arbeit1.jpg\" alt=\"arbeit1\" width=\"152\" height=\"111\" srcset=\"http:\/\/www.cg-objekte.de\/wp-content\/uploads\/2015\/03\/arbeit1.jpg 152w, http:\/\/www.cg-objekte.de\/wp-content\/uploads\/2015\/03\/arbeit1-150x111.jpg 150w\" sizes=\"(max-width: 152px) 100vw, 152px\" \/> <img loading=\"lazy\" decoding=\"async\" class=\"alignnone size-medium wp-image-72\" src=\"http:\/\/www.cg-objekte.de\/wp-content\/uploads\/2015\/03\/arbeit2.jpg\" alt=\"arbeit2\" width=\"152\" height=\"111\" srcset=\"http:\/\/www.cg-objekte.de\/wp-content\/uploads\/2015\/03\/arbeit2.jpg 152w, http:\/\/www.cg-objekte.de\/wp-content\/uploads\/2015\/03\/arbeit2-150x111.jpg 150w\" sizes=\"(max-width: 152px) 100vw, 152px\" \/> <img loading=\"lazy\" decoding=\"async\" class=\"alignnone size-medium wp-image-73\" src=\"http:\/\/www.cg-objekte.de\/wp-content\/uploads\/2015\/03\/arbeit3.jpg\" alt=\"arbeit3\" width=\"152\" height=\"111\" srcset=\"http:\/\/www.cg-objekte.de\/wp-content\/uploads\/2015\/03\/arbeit3.jpg 152w, http:\/\/www.cg-objekte.de\/wp-content\/uploads\/2015\/03\/arbeit3-150x111.jpg 150w\" sizes=\"(max-width: 152px) 100vw, 152px\" \/> <img loading=\"lazy\" decoding=\"async\" class=\"alignnone size-medium wp-image-74\" src=\"http:\/\/www.cg-objekte.de\/wp-content\/uploads\/2015\/03\/arbeit4.jpg\" alt=\"arbeit4\" width=\"152\" height=\"111\" srcset=\"http:\/\/www.cg-objekte.de\/wp-content\/uploads\/2015\/03\/arbeit4.jpg 152w, http:\/\/www.cg-objekte.de\/wp-content\/uploads\/2015\/03\/arbeit4-150x111.jpg 150w\" sizes=\"(max-width: 152px) 100vw, 152px\" \/><\/td>\n<\/tr>\n<\/tbody>\n<\/table>\n","protected":false},"excerpt":{"rendered":"<p>\u00dcber uns Einen Teil der von uns angebotenen Stuhlmodelle fertigen wir selbst in unserer modern ausgestatteten betriebseigenen Produktionsst\u00e4tte. F\u00fcr unser hoch motiviertes Team sind Sonderanfertigungen kein Problem und jederzeit willkommen. Flexibel und kreativ setzen wir Ihre W\u00fcnsche nach modernsten ergonomischen und funktionellen Gesichtspunkten in die Praxis um.So werden aus Ihren guten Ideen durch handwerkliche Professionalit\u00e4t [&hellip;]<\/p>\n","protected":false},"author":1,"featured_media":0,"parent":0,"menu_order":0,"comment_status":"closed","ping_status":"closed","template":"","meta":{"footnotes":""},"class_list":["post-63","page","type-page","status-publish","hentry","entry"],"_links":{"self":[{"href":"http:\/\/www.cg-objekte.de\/index.php?rest_route=\/wp\/v2\/pages\/63"}],"collection":[{"href":"http:\/\/www.cg-objekte.de\/index.php?rest_route=\/wp\/v2\/pages"}],"about":[{"href":"http:\/\/www.cg-objekte.de\/index.php?rest_route=\/wp\/v2\/types\/page"}],"author":[{"embeddable":true,"href":"http:\/\/www.cg-objekte.de\/index.php?rest_route=\/wp\/v2\/users\/1"}],"replies":[{"embeddable":true,"href":"http:\/\/www.cg-objekte.de\/index.php?rest_route=%2Fwp%2Fv2%2Fcomments&post=63"}],"version-history":[{"count":9,"href":"http:\/\/www.cg-objekte.de\/index.php?rest_route=\/wp\/v2\/pages\/63\/revisions"}],"predecessor-version":[{"id":189,"href":"http:\/\/www.cg-objekte.de\/index.php?rest_route=\/wp\/v2\/pages\/63\/revisions\/189"}],"wp:attachment":[{"href":"http:\/\/www.cg-objekte.de\/index.php?rest_route=%2Fwp%2Fv2%2Fmedia&parent=63"}],"curies":[{"name":"wp","href":"https:\/\/api.w.org\/{rel}","templated":true}]}}