{"id":362,"date":"2024-10-11T18:21:19","date_gmt":"2024-10-11T16:21:19","guid":{"rendered":"https:\/\/www.cg-objekte.de\/?page_id=362"},"modified":"2024-10-11T18:27:37","modified_gmt":"2024-10-11T16:27:37","slug":"contact","status":"publish","type":"page","link":"http:\/\/www.cg-objekte.de\/?page_id=362","title":{"rendered":"Contact"},"content":{"rendered":"\t\t<div data-elementor-type=\"wp-page\" data-elementor-id=\"362\" class=\"elementor elementor-362\">\n\t\t\t\t<div class=\"elementor-element elementor-element-67a9515 e-flex e-con-boxed e-con e-parent\" data-id=\"67a9515\" data-element_type=\"container\">\n\t\t\t\t\t<div class=\"e-con-inner\">\n\t\t\t\t<div class=\"elementor-element elementor-element-7c5aed5 elementor-widget elementor-widget-text-editor\" data-id=\"7c5aed5\" data-element_type=\"widget\" data-widget_type=\"text-editor.default\">\n\t\t\t\t<div class=\"elementor-widget-container\">\n\t\t\t\t\t\t\t<p>Wir freuen uns, dass Sie den Weg zu uns gefunden haben. Egal, ob Sie Fragen zu unseren Produkten und Dienstleistungen haben, ein individuelles Angebot w\u00fcnschen oder Unterst\u00fctzung bei einem Projekt ben\u00f6tigen \u2013 wir sind gerne f\u00fcr Sie da!<\/p>\n<p>Unser Team steht Ihnen jederzeit zur Verf\u00fcgung, um Ihre Anliegen schnell und professionell zu bearbeiten. Nutzen Sie einfach das untenstehende Kontaktformular, schreiben Sie uns eine E-Mail oder rufen Sie uns direkt an. Wir melden uns so schnell wie m\u00f6glich bei Ihnen zur\u00fcck.<\/p>\n<p>Wir freuen uns darauf, von Ihnen zu h\u00f6ren!<\/p>\n<p>\u00a0<\/p>\t\t\t\t\t\t<\/div>\n\t\t\t\t<\/div>\n\t\t\t\t\t<\/div>\n\t\t\t\t<\/div>\n\t\t<div class=\"elementor-element elementor-element-168ef206 e-flex e-con-boxed e-con e-parent\" data-id=\"168ef206\" data-element_type=\"container\">\n\t\t\t\t\t<div class=\"e-con-inner\">\n\t\t\t\t<div class=\"elementor-element elementor-element-55640f92 elementor-widget elementor-widget-text-editor\" data-id=\"55640f92\" data-element_type=\"widget\" data-widget_type=\"text-editor.default\">\n\t\t\t\t<div class=\"elementor-widget-container\">\n\t\t\t\t\t\t\t<!-- wp:preformatted -->\n<pre class=\"wp-block-preformatted\">\n<div class=\"wpcf7 no-js\" id=\"wpcf7-f358-p362-o1\" lang=\"de-DE\" dir=\"ltr\">\n<div class=\"screen-reader-response\"><p role=\"status\" aria-live=\"polite\" aria-atomic=\"true\"><\/p> <ul><\/ul><\/div>\n<form action=\"\/?page_id=362#wpcf7-f358-p362-o1\" method=\"post\" class=\"wpcf7-form init\" aria-label=\"Kontaktformular\" novalidate=\"novalidate\" data-status=\"init\">\n<div style=\"display: none;\">\n<input type=\"hidden\" name=\"_wpcf7\" value=\"358\" \/>\n<input type=\"hidden\" name=\"_wpcf7_version\" value=\"5.9.8\" \/>\n<input type=\"hidden\" name=\"_wpcf7_locale\" value=\"de_DE\" \/>\n<input type=\"hidden\" name=\"_wpcf7_unit_tag\" value=\"wpcf7-f358-p362-o1\" \/>\n<input type=\"hidden\" name=\"_wpcf7_container_post\" value=\"362\" \/>\n<input type=\"hidden\" name=\"_wpcf7_posted_data_hash\" value=\"\" \/>\n<\/div>\n<p><label> Ihr Name<br \/>\n<span class=\"wpcf7-form-control-wrap\" data-name=\"your-name\"><input size=\"40\" maxlength=\"400\" class=\"wpcf7-form-control wpcf7-text wpcf7-validates-as-required\" autocomplete=\"name\" aria-required=\"true\" aria-invalid=\"false\" value=\"\" type=\"text\" name=\"your-name\" \/><\/span> <\/label>\n<\/p>\n<p><label> Ihre E-Mail-Adresse<br \/>\n<span class=\"wpcf7-form-control-wrap\" data-name=\"your-email\"><input size=\"40\" maxlength=\"400\" class=\"wpcf7-form-control wpcf7-email wpcf7-validates-as-required wpcf7-text wpcf7-validates-as-email\" autocomplete=\"email\" aria-required=\"true\" aria-invalid=\"false\" value=\"\" type=\"email\" name=\"your-email\" \/><\/span> <\/label>\n<\/p>\n<p><label> Betreff<br \/>\n<span class=\"wpcf7-form-control-wrap\" data-name=\"your-subject\"><input size=\"40\" maxlength=\"400\" class=\"wpcf7-form-control wpcf7-text wpcf7-validates-as-required\" aria-required=\"true\" aria-invalid=\"false\" value=\"\" type=\"text\" name=\"your-subject\" \/><\/span> <\/label>\n<\/p>\n<p><label> Ihre Nachricht (optional)<br \/>\n<span class=\"wpcf7-form-control-wrap\" data-name=\"your-message\"><textarea cols=\"40\" rows=\"10\" maxlength=\"2000\" class=\"wpcf7-form-control wpcf7-textarea\" aria-invalid=\"false\" name=\"your-message\"><\/textarea><\/span> <\/label>\n<\/p>\n<p><input class=\"wpcf7-form-control wpcf7-submit has-spinner\" type=\"submit\" value=\"Senden\" \/>\n<\/p><div class=\"wpcf7-response-output\" aria-hidden=\"true\"><\/div>\n<\/form>\n<\/div>\n<\/pre>\n<!-- \/wp:preformatted -->\n\n<!-- wp:paragraph -->\n<p><\/p>\n<!-- \/wp:paragraph -->\t\t\t\t\t\t<\/div>\n\t\t\t\t<\/div>\n\t\t\t\t\t<\/div>\n\t\t\t\t<\/div>\n\t\t\t\t<\/div>\n\t\t","protected":false},"excerpt":{"rendered":"<p>Wir freuen uns, dass Sie den Weg zu uns gefunden haben. Egal, ob Sie Fragen zu unseren Produkten und Dienstleistungen haben, ein individuelles Angebot w\u00fcnschen oder Unterst\u00fctzung bei einem Projekt ben\u00f6tigen \u2013 wir sind gerne f\u00fcr Sie da! Unser Team steht Ihnen jederzeit zur Verf\u00fcgung, um Ihre Anliegen schnell und professionell zu bearbeiten. Nutzen Sie [&hellip;]<\/p>\n","protected":false},"author":1,"featured_media":0,"parent":0,"menu_order":0,"comment_status":"closed","ping_status":"closed","template":"","meta":{"footnotes":""},"class_list":["post-362","page","type-page","status-publish","hentry","entry"],"_links":{"self":[{"href":"http:\/\/www.cg-objekte.de\/index.php?rest_route=\/wp\/v2\/pages\/362"}],"collection":[{"href":"http:\/\/www.cg-objekte.de\/index.php?rest_route=\/wp\/v2\/pages"}],"about":[{"href":"http:\/\/www.cg-objekte.de\/index.php?rest_route=\/wp\/v2\/types\/page"}],"author":[{"embeddable":true,"href":"http:\/\/www.cg-objekte.de\/index.php?rest_route=\/wp\/v2\/users\/1"}],"replies":[{"embeddable":true,"href":"http:\/\/www.cg-objekte.de\/index.php?rest_route=%2Fwp%2Fv2%2Fcomments&post=362"}],"version-history":[{"count":5,"href":"http:\/\/www.cg-objekte.de\/index.php?rest_route=\/wp\/v2\/pages\/362\/revisions"}],"predecessor-version":[{"id":369,"href":"http:\/\/www.cg-objekte.de\/index.php?rest_route=\/wp\/v2\/pages\/362\/revisions\/369"}],"wp:attachment":[{"href":"http:\/\/www.cg-objekte.de\/index.php?rest_route=%2Fwp%2Fv2%2Fmedia&parent=362"}],"curies":[{"name":"wp","href":"https:\/\/api.w.org\/{rel}","templated":true}]}}