{"id":25,"date":"2015-02-20T14:22:49","date_gmt":"2015-02-20T13:22:49","guid":{"rendered":"http:\/\/www.cg-objekte.de\/wp\/?page_id=25"},"modified":"2024-10-11T19:51:34","modified_gmt":"2024-10-11T17:51:34","slug":"home","status":"publish","type":"page","link":"http:\/\/www.cg-objekte.de\/?page_id=25","title":{"rendered":"Home"},"content":{"rendered":"\t\t<div data-elementor-type=\"wp-page\" data-elementor-id=\"25\" class=\"elementor elementor-25\">\n\t\t\t\t<div class=\"elementor-element elementor-element-69f9121f e-flex e-con-boxed e-con e-parent\" data-id=\"69f9121f\" data-element_type=\"container\">\n\t\t\t\t\t<div class=\"e-con-inner\">\n\t\t\t\t<div class=\"elementor-element elementor-element-1d55356f elementor-widget elementor-widget-text-editor\" data-id=\"1d55356f\" data-element_type=\"widget\" data-widget_type=\"text-editor.default\">\n\t\t\t\t<div class=\"elementor-widget-container\">\n\t\t\t\t\t\t\t<table border=\"0\" width=\"100%\" cellspacing=\"0\" cellpadding=\"0\"><tbody><tr><td colspan=\"3\"><h1>\u00dcber\u00a0CG-Objekte<\/h1><p>Wir sind ein renommiertes Familienunternehmen mit \u00fcber 19-j\u00e4hriger Branchenerfahrung in der <a href=\"http:\/\/www.cg-objekte.de\/wp-content\/uploads\/2024\/10\/bild1-1.jpg\"><img decoding=\"async\" class=\"wp-image-391 size-full alignleft\" src=\"http:\/\/www.cg-objekte.de\/wp-content\/uploads\/2024\/10\/bild1-1.jpg\" alt=\"\" width=\"152\" height=\"111\" srcset=\"http:\/\/www.cg-objekte.de\/wp-content\/uploads\/2024\/10\/bild1-1.jpg 152w, http:\/\/www.cg-objekte.de\/wp-content\/uploads\/2024\/10\/bild1-1-150x111.jpg 150w\" sizes=\"(max-width: 152px) 100vw, 152px\" \/><\/a>Objekteinrichtung. Sehr gerne gehen wir auf die individuellen W\u00fcnsche unserer Kunden ein und setzen diese mit Hilfe unserer kompetenten Fachkr\u00e4fte erfolgreich um. Die Zufriedenheit unserer Kunden steht dabei an erster Stelle!<br \/>Nehmen Sie uns sowie unser qualifiziertes Mitarbeiterteam beim Wort und lassen Sie sich von uns kompetent und umfassend beraten!<br \/><b>Denn: unser Know-how sowie unser sehr gutes Preis-Leistungs-Verh\u00e4ltnis sind unsere St\u00e4rken und Ihr Vorteil<\/b><\/p><\/td><\/tr><tr><td colspan=\"3\"><hr \/><\/td><\/tr><tr valign=\"top\"><td width=\"385px\"><h6><a href=\"?page_id=6\"><img decoding=\"async\" class=\"alignleft wp-image-36 size-full\" src=\"http:\/\/www.cg-objekte.de\/wp-content\/uploads\/2015\/02\/stuehle.jpg\" alt=\"stuehle\" width=\"106\" height=\"76\" \/><\/a>St\u00fchle<\/h6><p>Unsere gro\u00dfe Auswahl an komfortablen St\u00fchlen bietet f\u00fcr jeden Bedarf das\u00a0Richtige! \u00dcberzeugen Sie sich selbst von der erstklassigen Qualit\u00e4t!<\/p><\/td><td width=\"10px\">\u00a0<\/td><td width=\"385px\"><h6><img decoding=\"async\" class=\"alignleft wp-image-32 size-full\" src=\"http:\/\/www.cg-objekte.de\/wp-content\/uploads\/2015\/02\/bild3.jpg\" alt=\"bild3\" width=\"106\" height=\"76\" \/>Tische<\/h6><p>Alle von uns angebotenen Tischmodelle zeichnen sich durch ihre ausgezeichnete\u00a0Verarbeitung, ihre sehr gute Alltagstauglichkeit sowie ihre hohe Funktionalit\u00e4t\u00a0aus.<\/p><\/td><\/tr><tr><td colspan=\"3\">\u00a0<\/td><\/tr><tr valign=\"top\"><td><h6><img loading=\"lazy\" decoding=\"async\" class=\" size-full wp-image-35 alignleft\" src=\"http:\/\/www.cg-objekte.de\/wp-content\/uploads\/2015\/02\/schraenke.jpg\" alt=\"schraenke\" width=\"106\" height=\"76\" \/>Schr\u00e4nke<\/h6><p>Unsere hochwertigen Schrankmodelle bieten viel praktischen Stauraum und\u00a0werden individuell nach Ihren W\u00fcnschen von Meisterhand gefertigt.<\/p><\/td><td>\u00a0<\/td><td><h6><a href=\"?page_id=139\"><img loading=\"lazy\" decoding=\"async\" class=\" size-full wp-image-38 alignleft\" src=\"http:\/\/www.cg-objekte.de\/wp-content\/uploads\/2015\/02\/bezuege.jpg\" alt=\"bezuege\" width=\"106\" height=\"76\" \/><\/a>Bez\u00fcge<\/h6><p>W\u00e4hlen Sie aus unseren vielf\u00e4ltigen, zeitlosen Bezugsstoffen nach Ihrem\u00a0pers\u00f6nlichen Geschmack das Passende aus.<\/p><\/td><\/tr><tr valign=\"top\"><td colspan=\"3\">\u00a0<\/td><\/tr><tr valign=\"top\"><td><h6><img loading=\"lazy\" decoding=\"async\" class=\" size-full wp-image-34 alignleft\" src=\"http:\/\/www.cg-objekte.de\/wp-content\/uploads\/2015\/02\/restposten.jpg\" alt=\"restposten\" width=\"106\" height=\"76\" \/>Restposten<\/h6><p>Schn\u00e4ppchenj\u00e4ger aufgepasst: hier erhalten Sie unsere Restposten in 1-A-Qualit\u00e4t\u00a0zu unglaublich g\u00fcnstigen Preisen!<\/p><\/td><td>\u00a0<\/td><td>\u00a0<\/td><\/tr><\/tbody><\/table>\t\t\t\t\t\t<\/div>\n\t\t\t\t<\/div>\n\t\t\t\t\t<\/div>\n\t\t\t\t<\/div>\n\t\t\t\t<\/div>\n\t\t","protected":false},"excerpt":{"rendered":"<p>\u00dcber\u00a0CG-Objekte Wir sind ein renommiertes Familienunternehmen mit \u00fcber 19-j\u00e4hriger Branchenerfahrung in der Objekteinrichtung. Sehr gerne gehen wir auf die individuellen W\u00fcnsche unserer Kunden ein und setzen diese mit Hilfe unserer kompetenten Fachkr\u00e4fte erfolgreich um. Die Zufriedenheit unserer Kunden steht dabei an erster Stelle!Nehmen Sie uns sowie unser qualifiziertes Mitarbeiterteam beim Wort und lassen Sie sich [&hellip;]<\/p>\n","protected":false},"author":1,"featured_media":0,"parent":0,"menu_order":0,"comment_status":"closed","ping_status":"closed","template":"","meta":{"footnotes":""},"class_list":["post-25","page","type-page","status-publish","hentry","entry"],"_links":{"self":[{"href":"http:\/\/www.cg-objekte.de\/index.php?rest_route=\/wp\/v2\/pages\/25"}],"collection":[{"href":"http:\/\/www.cg-objekte.de\/index.php?rest_route=\/wp\/v2\/pages"}],"about":[{"href":"http:\/\/www.cg-objekte.de\/index.php?rest_route=\/wp\/v2\/types\/page"}],"author":[{"embeddable":true,"href":"http:\/\/www.cg-objekte.de\/index.php?rest_route=\/wp\/v2\/users\/1"}],"replies":[{"embeddable":true,"href":"http:\/\/www.cg-objekte.de\/index.php?rest_route=%2Fwp%2Fv2%2Fcomments&post=25"}],"version-history":[{"count":42,"href":"http:\/\/www.cg-objekte.de\/index.php?rest_route=\/wp\/v2\/pages\/25\/revisions"}],"predecessor-version":[{"id":401,"href":"http:\/\/www.cg-objekte.de\/index.php?rest_route=\/wp\/v2\/pages\/25\/revisions\/401"}],"wp:attachment":[{"href":"http:\/\/www.cg-objekte.de\/index.php?rest_route=%2Fwp%2Fv2%2Fmedia&parent=25"}],"curies":[{"name":"wp","href":"https:\/\/api.w.org\/{rel}","templated":true}]}}